{"id":80,"date":"2025-03-05T02:53:54","date_gmt":"2025-03-05T02:53:54","guid":{"rendered":"https:\/\/grispok.com\/?page_id=80"},"modified":"2025-07-11T14:42:06","modified_gmt":"2025-07-11T14:42:06","slug":"contact","status":"publish","type":"page","link":"https:\/\/grispok.com\/tr\/contact\/","title":{"rendered":"Temas etmek"},"content":{"rendered":"<p>wp<\/p>\n\n\n<div class=\"wpforms-container wpforms-container-full wpforms-block wpforms-block-109eb91d-ce7a-4899-aec9-c839985afb5b\" id=\"wpforms-82\"><form id=\"wpforms-form-82\" class=\"wpforms-validate wpforms-form wpforms-ajax-form\" data-formid=\"82\" method=\"post\" enctype=\"multipart\/form-data\" action=\"\/tr\/wp-json\/wp\/v2\/pages\/80\" data-token=\"f4dc24d85a3f63f847ff59e49e088459\" data-token-time=\"1775943057\" data-trp-original-action=\"\/tr\/wp-json\/wp\/v2\/pages\/80\"><noscript class=\"wpforms-error-noscript\">Bu form\u00fcl\u00fc bitirebilmek i\u00e7in taray\u0131c\u0131n\u0131zda JavaScript&#039;i etkinle\u015ftirin.<\/noscript><div class=\"wpforms-field-container\"><div id=\"wpforms-82-field_0-container\" class=\"wpforms-field wpforms-field-name\" data-field-id=\"0\"><label class=\"wpforms-field-label\">\u0130sim <span class=\"wpforms-required-label\">*<\/span><\/label><div class=\"wpforms-field-row wpforms-field-medium\"><div class=\"wpforms-field-row-block wpforms-first wpforms-one-half\"><input type=\"text\" id=\"wpforms-82-field_0\" class=\"wpforms-field-name-first wpforms-field-required\" name=\"wpforms[fields][0][first]\" required><label for=\"wpforms-82-field_0\" class=\"wpforms-field-sublabel after\">Reklam<\/label><\/div><div class=\"wpforms-field-row-block wpforms-one-half\"><input type=\"text\" id=\"wpforms-82-field_0-last\" class=\"wpforms-field-name-last wpforms-field-required\" name=\"wpforms[fields][0][last]\" required><label for=\"wpforms-82-field_0-last\" class=\"wpforms-field-sublabel after\">Soya<\/label><\/div><\/div><\/div><div id=\"wpforms-82-field_1-container\" class=\"wpforms-field wpforms-field-email\" data-field-id=\"1\"><label class=\"wpforms-field-label\" for=\"wpforms-82-field_1\">E-posta <span class=\"wpforms-required-label\">*<\/span><\/label><input type=\"email\" id=\"wpforms-82-field_1\" class=\"wpforms-field-medium wpforms-field-required\" name=\"wpforms[fields][1]\" spellcheck=\"false\" required><\/div><div id=\"wpforms-82-field_2-container\" class=\"wpforms-field wpforms-field-textarea\" data-field-id=\"2\"><label class=\"wpforms-field-label\" for=\"wpforms-82-field_2\">Yorum veya Mesaj <span class=\"wpforms-required-label\">*<\/span><\/label><textarea id=\"wpforms-82-field_2\" class=\"wpforms-field-medium wpforms-field-required\" name=\"wpforms[fields][2]\" required><\/textarea><\/div><\/div><!-- .wpforms-field-container --><div class=\"wpforms-submit-container\" ><input type=\"hidden\" name=\"wpforms[id]\" value=\"82\"><input type=\"hidden\" name=\"page_title\" value=\"\"><input type=\"hidden\" name=\"page_url\" value=\"https:\/\/grispok.com\/tr\/wp-json\/wp\/v2\/pages\/80\"><input type=\"hidden\" name=\"url_referer\" value=\"\"><button type=\"submit\" name=\"wpforms[submit]\" id=\"wpforms-submit-82\" class=\"wpforms-submit\" data-alt-text=\"Sending...\" data-submit-text=\"Submit\" aria-live=\"assertive\" value=\"wpforms-submit\">G\u00f6ndermek<\/button><img loading=\"lazy\" decoding=\"async\" src=\"https:\/\/grispok.com\/wp-content\/plugins\/wpforms-lite\/assets\/images\/submit-spin.svg\" class=\"wpforms-submit-spinner\" style=\"display: none;\" width=\"26\" height=\"26\" alt=\"Y\u00fckleniyor\"><\/div><input type=\"hidden\" name=\"trp-form-language\" value=\"tr\"\/><\/form><\/div>  <!-- .wpforms-container -->","protected":false},"excerpt":{"rendered":"<p>wp<\/p>","protected":false},"author":3,"featured_media":0,"parent":0,"menu_order":0,"comment_status":"closed","ping_status":"closed","template":"page-nosidebar.php","meta":{"footnotes":""},"yoast_head":"<!-- This site is optimized with the Yoast SEO plugin v23.3 - https:\/\/yoast.com\/wordpress\/plugins\/seo\/ -->\n<title>Contact - Grispok<\/title>\n<meta name=\"robots\" content=\"index, follow, max-snippet:-1, max-image-preview:large, max-video-preview:-1\" \/>\n<link rel=\"canonical\" href=\"https:\/\/grispok.com\/tr\/contact\/\" \/>\n<meta property=\"og:locale\" content=\"tr_TR\" \/>\n<meta property=\"og:type\" content=\"article\" \/>\n<meta property=\"og:title\" content=\"Contact - Grispok\" \/>\n<meta property=\"og:description\" content=\"wp\" \/>\n<meta property=\"og:url\" content=\"https:\/\/grispok.com\/tr\/contact\/\" \/>\n<meta property=\"og:site_name\" content=\"Grispok\" \/>\n<meta property=\"article:modified_time\" content=\"2025-07-11T14:42:06+00:00\" \/>\n<meta name=\"twitter:card\" content=\"summary_large_image\" \/>\n<meta name=\"twitter:label1\" content=\"Est. reading time\" \/>\n\t<meta name=\"twitter:data1\" content=\"1 dakika\" \/>\n<script type=\"application\/ld+json\" class=\"yoast-schema-graph\">{\"@context\":\"https:\/\/schema.org\",\"@graph\":[{\"@type\":\"WebPage\",\"@id\":\"https:\/\/grispok.com\/contact\/\",\"url\":\"https:\/\/grispok.com\/contact\/\",\"name\":\"Contact - Grispok\",\"isPartOf\":{\"@id\":\"https:\/\/grispok.com\/#website\"},\"datePublished\":\"2025-03-05T02:53:54+00:00\",\"dateModified\":\"2025-07-11T14:42:06+00:00\",\"breadcrumb\":{\"@id\":\"https:\/\/grispok.com\/contact\/#breadcrumb\"},\"inLanguage\":\"tr\",\"potentialAction\":[{\"@type\":\"ReadAction\",\"target\":[\"https:\/\/grispok.com\/contact\/\"]}]},{\"@type\":\"BreadcrumbList\",\"@id\":\"https:\/\/grispok.com\/contact\/#breadcrumb\",\"itemListElement\":[{\"@type\":\"ListItem\",\"position\":1,\"name\":\"Home\",\"item\":\"https:\/\/grispok.com\/\"},{\"@type\":\"ListItem\",\"position\":2,\"name\":\"Contact\"}]},{\"@type\":\"WebSite\",\"@id\":\"https:\/\/grispok.com\/#website\",\"url\":\"https:\/\/grispok.com\/\",\"name\":\"Grispok\",\"description\":\"\",\"potentialAction\":[{\"@type\":\"SearchAction\",\"target\":{\"@type\":\"EntryPoint\",\"urlTemplate\":\"https:\/\/grispok.com\/?s={search_term_string}\"},\"query-input\":\"required name=search_term_string\"}],\"inLanguage\":\"tr\"}]}<\/script>\n<!-- \/ Yoast SEO plugin. -->","yoast_head_json":{"title":"Contact - Grispok","robots":{"index":"index","follow":"follow","max-snippet":"max-snippet:-1","max-image-preview":"max-image-preview:large","max-video-preview":"max-video-preview:-1"},"canonical":"https:\/\/grispok.com\/tr\/contact\/","og_locale":"tr_TR","og_type":"article","og_title":"Contact - Grispok","og_description":"wp","og_url":"https:\/\/grispok.com\/tr\/contact\/","og_site_name":"Grispok","article_modified_time":"2025-07-11T14:42:06+00:00","twitter_card":"summary_large_image","twitter_misc":{"Est. reading time":"1 dakika"},"schema":{"@context":"https:\/\/schema.org","@graph":[{"@type":"WebPage","@id":"https:\/\/grispok.com\/contact\/","url":"https:\/\/grispok.com\/contact\/","name":"Contact - Grispok","isPartOf":{"@id":"https:\/\/grispok.com\/#website"},"datePublished":"2025-03-05T02:53:54+00:00","dateModified":"2025-07-11T14:42:06+00:00","breadcrumb":{"@id":"https:\/\/grispok.com\/contact\/#breadcrumb"},"inLanguage":"tr","potentialAction":[{"@type":"ReadAction","target":["https:\/\/grispok.com\/contact\/"]}]},{"@type":"BreadcrumbList","@id":"https:\/\/grispok.com\/contact\/#breadcrumb","itemListElement":[{"@type":"ListItem","position":1,"name":"Home","item":"https:\/\/grispok.com\/"},{"@type":"ListItem","position":2,"name":"Contact"}]},{"@type":"WebSite","@id":"https:\/\/grispok.com\/#website","url":"https:\/\/grispok.com\/","name":"Grispok","description":"","potentialAction":[{"@type":"SearchAction","target":{"@type":"EntryPoint","urlTemplate":"https:\/\/grispok.com\/?s={search_term_string}"},"query-input":"required name=search_term_string"}],"inLanguage":"tr"}]}},"_links":{"self":[{"href":"https:\/\/grispok.com\/tr\/wp-json\/wp\/v2\/pages\/80"}],"collection":[{"href":"https:\/\/grispok.com\/tr\/wp-json\/wp\/v2\/pages"}],"about":[{"href":"https:\/\/grispok.com\/tr\/wp-json\/wp\/v2\/types\/page"}],"author":[{"embeddable":true,"href":"https:\/\/grispok.com\/tr\/wp-json\/wp\/v2\/users\/3"}],"replies":[{"embeddable":true,"href":"https:\/\/grispok.com\/tr\/wp-json\/wp\/v2\/comments?post=80"}],"version-history":[{"count":3,"href":"https:\/\/grispok.com\/tr\/wp-json\/wp\/v2\/pages\/80\/revisions"}],"predecessor-version":[{"id":727,"href":"https:\/\/grispok.com\/tr\/wp-json\/wp\/v2\/pages\/80\/revisions\/727"}],"wp:attachment":[{"href":"https:\/\/grispok.com\/tr\/wp-json\/wp\/v2\/media?parent=80"}],"curies":[{"name":"wp","href":"https:\/\/api.w.org\/{rel}","templated":true}]}}