{"id":85,"date":"2025-03-06T15:00:34","date_gmt":"2025-03-06T15:00:34","guid":{"rendered":"https:\/\/grispok.com\/?page_id=85"},"modified":"2025-12-11T18:25:28","modified_gmt":"2025-12-11T18:25:28","slug":"about","status":"publish","type":"page","link":"https:\/\/grispok.com\/tr\/about\/","title":{"rendered":"Hakk\u0131nda"},"content":{"rendered":"<p><strong><br><\/strong>Grispok, finans, mobil uygulamalar, dijital inovasyon ve i\u015f f\u0131rsatlar\u0131yla ilgili her \u015fey i\u00e7in ba\u015fvurabilece\u011finiz platformdur. \u0130ster bilgilendirici kredi kart\u0131 incelemeleri, ister uzman uygulama analizleri veya en son teknoloji trendleri hakk\u0131nda ipu\u00e7lar\u0131 ar\u0131yor olun, size yard\u0131mc\u0131 oluyoruz. Misyonumuz, size en alakal\u0131 ve g\u00fcncel bilgileri sunarak, teknoloji ve ki\u015fisel finans\u0131n dinamik d\u00fcnyas\u0131nda yolunuzu bulman\u0131za yard\u0131mc\u0131 olmakt\u0131r.<\/p>\n\n\n\n<h3 class=\"wp-block-heading\">Biz Kimiz<\/h3>\n\n\n\n<p><strong><br><\/strong>Grispok&#039;ta, uygulamalar, t\u00fcketici teknolojisi ve finansal ara\u00e7lardaki en son geli\u015fmeleri sizlere sunma konusunda tutkulu, teknoloji ve finans merakl\u0131lar\u0131ndan olu\u015fan \u00f6zel bir ekibiz. <\/p>\n\n\n\n<p>Amac\u0131m\u0131z, ister finanslar\u0131n\u0131z\u0131 y\u00f6netiyor olun, ister yeni uygulamalar\u0131 ke\u015ffediyor olun, ister h\u0131zla geli\u015fen teknoloji d\u00fcnyas\u0131nda \u00f6nde kalmaya \u00e7al\u0131\u015f\u0131yor olun, bilin\u00e7li kararlar alman\u0131za yard\u0131mc\u0131 olacak net, ara\u015ft\u0131rmaya dayal\u0131 bilgiler sunmakt\u0131r. Kredi kart\u0131 ipu\u00e7lar\u0131ndan ayr\u0131nt\u0131l\u0131 cihaz incelemelerine kadar karma\u015f\u0131k konular\u0131 basitle\u015ftirmekle gurur duyuyoruz.<\/p>\n\n\n\n<h3 class=\"wp-block-heading\">Sunduklar\u0131m\u0131z<\/h3>\n\n\n\n<p>Hem s\u0131radan kullan\u0131c\u0131lar hem de dijital ara\u00e7lar ve finans alan\u0131ndaki en son geli\u015fmeleri arayan teknoloji merakl\u0131lar\u0131 i\u00e7in i\u00e7erik \u00fcretiyoruz. \u0130\u015fte bekleyebilecekleriniz:<\/p>\n\n\n\n<p>\ud83d\udd39 <strong>Kredi Kart\u0131 ve Finans Bilgileri<\/strong><br>Do\u011fru kredi kart\u0131n\u0131 se\u00e7me, mali durumunuzu y\u00f6netme ve finansal f\u0131rsatlar\u0131n\u0131z\u0131 en \u00fcst d\u00fczeye \u00e7\u0131karma konusunda uzman tavsiyesi al\u0131n. Paran\u0131zla ilgili daha ak\u0131ll\u0131 kararlar vermenize yard\u0131mc\u0131 olacak ipu\u00e7lar\u0131 ve de\u011ferlendirmeler sunuyoruz.<\/p>\n\n\n\n<p>\ud83d\udd39 <strong>Uygulama \u00d6nerileri ve De\u011ferlendirmeleri<\/strong><br>\u0130ster i\u015f, ister e\u011flence, ister g\u00fcnl\u00fck verimlilik i\u00e7in olsun, ihtiya\u00e7lar\u0131n\u0131za \u00f6zel olarak tasarlanm\u0131\u015f en y\u00fcksek puanl\u0131 uygulamalar\u0131 ve ara\u00e7lar\u0131 ke\u015ffedin. En iyi dijital ara\u00e7lar\u0131 kulland\u0131\u011f\u0131n\u0131zdan emin olmak i\u00e7in ayr\u0131nt\u0131l\u0131 uygulama incelemeleri ve \u00f6nerileri sunuyoruz.<\/p>\n\n\n\n<p>\ud83d\udd39 <strong>\u0130\u015f F\u0131rsatlar\u0131 ve Kariyer Tavsiyeleri<\/strong><br>En g\u00fcncel i\u015f ilanlar\u0131 ve kariyer ipu\u00e7lar\u0131ndan haberdar olun. \u00c7e\u015fitli sekt\u00f6rlerde i\u015f f\u0131rsatlar\u0131 bulma ve profesyonel yolculu\u011funuzdan en iyi \u015fekilde yararlanma konusunda size de\u011ferli bilgiler sunuyoruz.<\/p>\n\n\n\n<p>\ud83d\udd39 <strong>Ad\u0131m Ad\u0131m K\u0131lavuzlar<\/strong><br>Kolay anla\u015f\u0131l\u0131r e\u011fitimlerimizle mobil uygulamalar\u0131, yaz\u0131l\u0131mlar\u0131 ve finansal ara\u00e7lar\u0131 nas\u0131l kullanaca\u011f\u0131n\u0131z\u0131 \u00f6\u011frenin. K\u0131lavuzlar\u0131m\u0131z, yeni teknolojilere hakim olman\u0131za ve g\u00fcnl\u00fck ya\u015fam\u0131n\u0131z\u0131 iyile\u015ftirmenize yard\u0131mc\u0131 olmak i\u00e7in tasarlanm\u0131\u015ft\u0131r.<\/p>\n\n\n\n<p>\ud83d\udd39 <strong>Teknoloji ve Finans Sekt\u00f6r\u00fc Haberleri<\/strong><br>Dijital d\u00fcnyadaki en son teknoloji lansmanlar\u0131, finansal trendler ve son dakika haberlerinden haberdar olun. Sizi en \u00f6nemli geli\u015fmelerden haberdar ediyoruz.<\/p>\n\n\n\n<p>\ud83d\udd39 <strong>Tarafs\u0131z \u0130ncelemeler<\/strong><br>Uygulamalar, kredi kartlar\u0131 ve dijital ara\u00e7lar hakk\u0131nda d\u00fcr\u00fcst ve kapsaml\u0131 de\u011ferlendirmeler al\u0131n. De\u011ferlendirmelerimiz, ihtiya\u00e7lar\u0131n\u0131za en uygun kararlar\u0131 vermenize yard\u0131mc\u0131 olacak titiz ara\u015ft\u0131rmalara dayanmaktad\u0131r.<\/p>\n\n\n\n<h3 class=\"wp-block-heading\">Yasal Uyar\u0131<\/h3>\n\n\n\n<p>Grispok ba\u011f\u0131ms\u0131z bir platformdur ve sitemizde yer alan hi\u00e7bir marka, \u015firket veya \u00fcr\u00fcnle ba\u011flant\u0131l\u0131 de\u011fildir. T\u00fcm i\u00e7erik, mobil uygulamalar\u0131, teknoloji \u00fcr\u00fcnlerini ve finansal hizmetleri ara\u015ft\u0131ran kullan\u0131c\u0131lara de\u011ferli bilgiler sa\u011flamak amac\u0131yla dikkatli ara\u015ft\u0131rma ve objektif analiz yoluyla olu\u015fturulmu\u015ftur.<\/p>\n\n\n\n<p>\u0130ncelemelerimiz, k\u0131lavuzlar\u0131m\u0131z ve \u00f6nerilerimiz yaln\u0131zca bilgilendirme ama\u00e7l\u0131d\u0131r ve onay veya sponsorluk niteli\u011fi ta\u015f\u0131maz. Do\u011fruluk ve tarafs\u0131zl\u0131\u011f\u0131 \u00f6nceliklendirsek de, okuyucular\u0131 uygulamalar, hizmetler veya finansal \u00fcr\u00fcnler hakk\u0131nda karar vermeden \u00f6nce kendi ara\u015ft\u0131rmalar\u0131n\u0131 yapmaya te\u015fvik ediyoruz.<\/p>\n\n\n\n<p>Grispok olarak, okuyucular\u0131m\u0131z\u0131 dijital ve finansal d\u00fcnyada bilgili ve kendinden emin kalmalar\u0131na yard\u0131mc\u0131 olacak g\u00fcvenilir, iyi ara\u015ft\u0131r\u0131lm\u0131\u015f i\u00e7eriklerle g\u00fc\u00e7lendirmeye kararl\u0131y\u0131z.<\/p>","protected":false},"excerpt":{"rendered":"<p>Grispok, finans, mobil uygulamalar, dijital inovasyon ve i\u015f f\u0131rsatlar\u0131yla ilgili her \u015fey i\u00e7in ba\u015fvurabilece\u011finiz platformdur. \u0130ster bilgilendirici kredi kart\u0131 incelemeleri, ister uzman uygulama analizleri veya en son teknoloji trendleri hakk\u0131nda ipu\u00e7lar\u0131 ar\u0131yor olun, size yard\u0131mc\u0131 oluyoruz. Misyonumuz, size en alakal\u0131 ve g\u00fcncel bilgileri sunarak size yard\u0131mc\u0131 olmakt\u0131r. [\u2026]<\/p>","protected":false},"author":3,"featured_media":0,"parent":0,"menu_order":0,"comment_status":"closed","ping_status":"closed","template":"page-nosidebar.php","meta":{"footnotes":""},"yoast_head":"<!-- This site is optimized with the Yoast SEO plugin v23.3 - https:\/\/yoast.com\/wordpress\/plugins\/seo\/ -->\n<title>About - Grispok<\/title>\n<meta name=\"robots\" content=\"index, follow, max-snippet:-1, max-image-preview:large, max-video-preview:-1\" \/>\n<link rel=\"canonical\" href=\"https:\/\/grispok.com\/tr\/about\/\" \/>\n<meta property=\"og:locale\" content=\"tr_TR\" \/>\n<meta property=\"og:type\" content=\"article\" \/>\n<meta property=\"og:title\" content=\"About - Grispok\" \/>\n<meta property=\"og:description\" content=\"Grispok is your go-to platform for all things related to finance, mobile apps, digital innovation, and job opportunities. Whether you&#8217;re looking for insightful credit card reviews, expert app breakdowns, or tips on the latest tech trends, we\u2019ve got you covered. Our mission is to provide you with the most relevant and up-to-date information, helping you [&hellip;]\" \/>\n<meta property=\"og:url\" content=\"https:\/\/grispok.com\/tr\/about\/\" \/>\n<meta property=\"og:site_name\" content=\"Grispok\" \/>\n<meta property=\"article:modified_time\" content=\"2025-12-11T18:25:28+00:00\" \/>\n<meta name=\"twitter:card\" content=\"summary_large_image\" \/>\n<meta name=\"twitter:label1\" content=\"Est. reading time\" \/>\n\t<meta name=\"twitter:data1\" content=\"3 dakika\" \/>\n<script type=\"application\/ld+json\" class=\"yoast-schema-graph\">{\"@context\":\"https:\/\/schema.org\",\"@graph\":[{\"@type\":\"WebPage\",\"@id\":\"https:\/\/grispok.com\/about\/\",\"url\":\"https:\/\/grispok.com\/about\/\",\"name\":\"About - Grispok\",\"isPartOf\":{\"@id\":\"https:\/\/grispok.com\/#website\"},\"datePublished\":\"2025-03-06T15:00:34+00:00\",\"dateModified\":\"2025-12-11T18:25:28+00:00\",\"breadcrumb\":{\"@id\":\"https:\/\/grispok.com\/about\/#breadcrumb\"},\"inLanguage\":\"tr\",\"potentialAction\":[{\"@type\":\"ReadAction\",\"target\":[\"https:\/\/grispok.com\/about\/\"]}]},{\"@type\":\"BreadcrumbList\",\"@id\":\"https:\/\/grispok.com\/about\/#breadcrumb\",\"itemListElement\":[{\"@type\":\"ListItem\",\"position\":1,\"name\":\"Home\",\"item\":\"https:\/\/grispok.com\/\"},{\"@type\":\"ListItem\",\"position\":2,\"name\":\"About\"}]},{\"@type\":\"WebSite\",\"@id\":\"https:\/\/grispok.com\/#website\",\"url\":\"https:\/\/grispok.com\/\",\"name\":\"Grispok\",\"description\":\"\",\"potentialAction\":[{\"@type\":\"SearchAction\",\"target\":{\"@type\":\"EntryPoint\",\"urlTemplate\":\"https:\/\/grispok.com\/?s={search_term_string}\"},\"query-input\":\"required name=search_term_string\"}],\"inLanguage\":\"tr\"}]}<\/script>\n<!-- \/ Yoast SEO plugin. -->","yoast_head_json":{"title":"About - Grispok","robots":{"index":"index","follow":"follow","max-snippet":"max-snippet:-1","max-image-preview":"max-image-preview:large","max-video-preview":"max-video-preview:-1"},"canonical":"https:\/\/grispok.com\/tr\/about\/","og_locale":"tr_TR","og_type":"article","og_title":"About - Grispok","og_description":"Grispok is your go-to platform for all things related to finance, mobile apps, digital innovation, and job opportunities. Whether you&#8217;re looking for insightful credit card reviews, expert app breakdowns, or tips on the latest tech trends, we\u2019ve got you covered. Our mission is to provide you with the most relevant and up-to-date information, helping you [&hellip;]","og_url":"https:\/\/grispok.com\/tr\/about\/","og_site_name":"Grispok","article_modified_time":"2025-12-11T18:25:28+00:00","twitter_card":"summary_large_image","twitter_misc":{"Est. reading time":"3 dakika"},"schema":{"@context":"https:\/\/schema.org","@graph":[{"@type":"WebPage","@id":"https:\/\/grispok.com\/about\/","url":"https:\/\/grispok.com\/about\/","name":"About - Grispok","isPartOf":{"@id":"https:\/\/grispok.com\/#website"},"datePublished":"2025-03-06T15:00:34+00:00","dateModified":"2025-12-11T18:25:28+00:00","breadcrumb":{"@id":"https:\/\/grispok.com\/about\/#breadcrumb"},"inLanguage":"tr","potentialAction":[{"@type":"ReadAction","target":["https:\/\/grispok.com\/about\/"]}]},{"@type":"BreadcrumbList","@id":"https:\/\/grispok.com\/about\/#breadcrumb","itemListElement":[{"@type":"ListItem","position":1,"name":"Home","item":"https:\/\/grispok.com\/"},{"@type":"ListItem","position":2,"name":"About"}]},{"@type":"WebSite","@id":"https:\/\/grispok.com\/#website","url":"https:\/\/grispok.com\/","name":"Grispok","description":"","potentialAction":[{"@type":"SearchAction","target":{"@type":"EntryPoint","urlTemplate":"https:\/\/grispok.com\/?s={search_term_string}"},"query-input":"required name=search_term_string"}],"inLanguage":"tr"}]}},"_links":{"self":[{"href":"https:\/\/grispok.com\/tr\/wp-json\/wp\/v2\/pages\/85"}],"collection":[{"href":"https:\/\/grispok.com\/tr\/wp-json\/wp\/v2\/pages"}],"about":[{"href":"https:\/\/grispok.com\/tr\/wp-json\/wp\/v2\/types\/page"}],"author":[{"embeddable":true,"href":"https:\/\/grispok.com\/tr\/wp-json\/wp\/v2\/users\/3"}],"replies":[{"embeddable":true,"href":"https:\/\/grispok.com\/tr\/wp-json\/wp\/v2\/comments?post=85"}],"version-history":[{"count":2,"href":"https:\/\/grispok.com\/tr\/wp-json\/wp\/v2\/pages\/85\/revisions"}],"predecessor-version":[{"id":869,"href":"https:\/\/grispok.com\/tr\/wp-json\/wp\/v2\/pages\/85\/revisions\/869"}],"wp:attachment":[{"href":"https:\/\/grispok.com\/tr\/wp-json\/wp\/v2\/media?parent=85"}],"curies":[{"name":"wp","href":"https:\/\/api.w.org\/{rel}","templated":true}]}}